{"id":3679,"date":"2026-04-13T17:17:43","date_gmt":"2026-04-13T14:17:43","guid":{"rendered":"https:\/\/akev.org.tr\/en\/?page_id=3679"},"modified":"2026-04-13T17:18:21","modified_gmt":"2026-04-13T14:18:21","slug":"turning-waste-into-art-project","status":"publish","type":"page","link":"https:\/\/akev.org.tr\/en\/projelerimiz\/turning-waste-into-art-project\/","title":{"rendered":"TURNING WASTE INTO ART PROJECT"},"content":{"rendered":"\n<p>The \u201cTurning Waste into Art Project\u201d is an interdisciplinary workshop program implemented in collaboration with Istanbul Ayd\u0131n University (IAU), Anadolu Education and Culture Foundation (AKEV), \u0130leri Ad\u0131mlar Association, Ye\u015fil Vatan Platform, and the IAU Sustainability Coordination Office. The project aims to promote sustainability awareness while encouraging creative production through artistic practices.<\/p>\n\n\n\n<p>Within the scope of the project, waste materials are reintroduced into artistic production processes, fostering an environmentally conscious perspective. Participants have the opportunity to create with diverse materials, enhance their artistic skills, and experience the concept of upcycling in a practical way.<\/p>\n\n\n\n<p>The program is held regularly every Wednesday at the Istanbul Ayd\u0131n University K Block Ground Floor. Each week features different themes and concepts, allowing participants to explore various art disciplines and engage in sustainable production practices.<\/p>\n\n\n\n<p>Designed with the approach of \u201ctransformation through art,\u201d the project seeks to strengthen environmental awareness while creating a sustainable learning environment based on creativity, collaboration, and shared experience.<\/p>\n\n\n\n<div class=\"wp-block-stackable-columns stk-block-columns stk-block stk-a8f0c29\" data-block-id=\"a8f0c29\"><div class=\"stk-row stk-inner-blocks stk-block-content stk-content-align stk-a8f0c29-column\">\n<div class=\"wp-block-stackable-column stk-block-column stk-column stk-block stk-451048e\" data-v=\"4\" data-block-id=\"451048e\"><div class=\"stk-column-wrapper stk-block-column__content stk-container stk-451048e-container stk--no-background stk--no-padding\"><div class=\"stk-block-content stk-inner-blocks stk-451048e-inner-blocks\">\n<figure class=\"wp-block-image size-large\"><img loading=\"lazy\" decoding=\"async\" width=\"768\" height=\"1024\" src=\"https:\/\/akev.org.tr\/en\/wp-content\/uploads\/2026\/04\/2be55520-5d46-437d-990b-15ed1bdbce82-768x1024.jpeg\" alt=\"\" class=\"wp-image-3680\" style=\"aspect-ratio:4\/3;object-fit:cover\" srcset=\"https:\/\/akev.org.tr\/en\/wp-content\/uploads\/2026\/04\/2be55520-5d46-437d-990b-15ed1bdbce82-768x1024.jpeg 768w, https:\/\/akev.org.tr\/en\/wp-content\/uploads\/2026\/04\/2be55520-5d46-437d-990b-15ed1bdbce82-225x300.jpeg 225w, https:\/\/akev.org.tr\/en\/wp-content\/uploads\/2026\/04\/2be55520-5d46-437d-990b-15ed1bdbce82-1152x1536.jpeg 1152w, https:\/\/akev.org.tr\/en\/wp-content\/uploads\/2026\/04\/2be55520-5d46-437d-990b-15ed1bdbce82-1536x2048.jpeg 1536w, https:\/\/akev.org.tr\/en\/wp-content\/uploads\/2026\/04\/2be55520-5d46-437d-990b-15ed1bdbce82-scaled.jpeg 1920w\" sizes=\"auto, (max-width: 768px) 100vw, 768px\" \/><\/figure>\n<\/div><\/div><\/div>\n\n\n\n<div class=\"wp-block-stackable-column stk-block-column stk-column stk-block stk-f7ad050\" data-v=\"4\" data-block-id=\"f7ad050\"><div class=\"stk-column-wrapper stk-block-column__content stk-container stk-f7ad050-container stk--no-background stk--no-padding\"><div class=\"stk-block-content stk-inner-blocks stk-f7ad050-inner-blocks\">\n<figure class=\"wp-block-image size-large\"><img loading=\"lazy\" decoding=\"async\" width=\"768\" height=\"1024\" src=\"https:\/\/akev.org.tr\/en\/wp-content\/uploads\/2026\/04\/ab79f220-62b5-4255-bc84-f7c83a881029-768x1024.jpeg\" alt=\"\" class=\"wp-image-3681\" style=\"aspect-ratio:4\/3;object-fit:cover\" srcset=\"https:\/\/akev.org.tr\/en\/wp-content\/uploads\/2026\/04\/ab79f220-62b5-4255-bc84-f7c83a881029-768x1024.jpeg 768w, https:\/\/akev.org.tr\/en\/wp-content\/uploads\/2026\/04\/ab79f220-62b5-4255-bc84-f7c83a881029-225x300.jpeg 225w, https:\/\/akev.org.tr\/en\/wp-content\/uploads\/2026\/04\/ab79f220-62b5-4255-bc84-f7c83a881029-1152x1536.jpeg 1152w, https:\/\/akev.org.tr\/en\/wp-content\/uploads\/2026\/04\/ab79f220-62b5-4255-bc84-f7c83a881029.jpeg 1200w\" sizes=\"auto, (max-width: 768px) 100vw, 768px\" \/><\/figure>\n<\/div><\/div><\/div>\n<\/div><\/div>\n\n\n\n<div class=\"wp-block-stackable-columns stk-block-columns stk-block stk-931d56a\" data-block-id=\"931d56a\"><div class=\"stk-row stk-inner-blocks stk-block-content stk-content-align stk-931d56a-column\">\n<div class=\"wp-block-stackable-column stk-block-column stk-column stk-block stk-856f8f3\" data-v=\"4\" data-block-id=\"856f8f3\"><div class=\"stk-column-wrapper stk-block-column__content stk-container stk-856f8f3-container stk--no-background stk--no-padding\"><div class=\"stk-block-content stk-inner-blocks stk-856f8f3-inner-blocks\">\n<figure class=\"wp-block-image size-large\"><img loading=\"lazy\" decoding=\"async\" width=\"819\" height=\"1024\" src=\"https:\/\/akev.org.tr\/en\/wp-content\/uploads\/2026\/04\/Akev-Su\u0308rdu\u0308ru\u0308lebilir-I\u0307leri-\u2013-Geri-Do\u0308nu\u0308s\u0327u\u0308m-Ato\u0308lye-C\u0327alis\u0327malari-2026-01-819x1024.jpg\" alt=\"\" class=\"wp-image-3682\" style=\"aspect-ratio:4\/3;object-fit:cover\" srcset=\"https:\/\/akev.org.tr\/en\/wp-content\/uploads\/2026\/04\/Akev-Su\u0308rdu\u0308ru\u0308lebilir-I\u0307leri-\u2013-Geri-Do\u0308nu\u0308s\u0327u\u0308m-Ato\u0308lye-C\u0327alis\u0327malari-2026-01-819x1024.jpg 819w, https:\/\/akev.org.tr\/en\/wp-content\/uploads\/2026\/04\/Akev-Su\u0308rdu\u0308ru\u0308lebilir-I\u0307leri-\u2013-Geri-Do\u0308nu\u0308s\u0327u\u0308m-Ato\u0308lye-C\u0327alis\u0327malari-2026-01-240x300.jpg 240w, https:\/\/akev.org.tr\/en\/wp-content\/uploads\/2026\/04\/Akev-Su\u0308rdu\u0308ru\u0308lebilir-I\u0307leri-\u2013-Geri-Do\u0308nu\u0308s\u0327u\u0308m-Ato\u0308lye-C\u0327alis\u0327malari-2026-01-768x960.jpg 768w, https:\/\/akev.org.tr\/en\/wp-content\/uploads\/2026\/04\/Akev-Su\u0308rdu\u0308ru\u0308lebilir-I\u0307leri-\u2013-Geri-Do\u0308nu\u0308s\u0327u\u0308m-Ato\u0308lye-C\u0327alis\u0327malari-2026-01-1229x1536.jpg 1229w, https:\/\/akev.org.tr\/en\/wp-content\/uploads\/2026\/04\/Akev-Su\u0308rdu\u0308ru\u0308lebilir-I\u0307leri-\u2013-Geri-Do\u0308nu\u0308s\u0327u\u0308m-Ato\u0308lye-C\u0327alis\u0327malari-2026-01-1639x2048.jpg 1639w, https:\/\/akev.org.tr\/en\/wp-content\/uploads\/2026\/04\/Akev-Su\u0308rdu\u0308ru\u0308lebilir-I\u0307leri-\u2013-Geri-Do\u0308nu\u0308s\u0327u\u0308m-Ato\u0308lye-C\u0327alis\u0327malari-2026-01-scaled.jpg 2048w\" sizes=\"auto, (max-width: 819px) 100vw, 819px\" \/><\/figure>\n<\/div><\/div><\/div>\n\n\n\n<div class=\"wp-block-stackable-column stk-block-column stk-column stk-block stk-7409e46\" data-v=\"4\" data-block-id=\"7409e46\"><div class=\"stk-column-wrapper stk-block-column__content stk-container stk-7409e46-container stk--no-background stk--no-padding\"><div class=\"stk-block-content stk-inner-blocks stk-7409e46-inner-blocks\">\n<figure class=\"wp-block-image size-large\"><img loading=\"lazy\" decoding=\"async\" width=\"768\" height=\"1024\" src=\"https:\/\/akev.org.tr\/en\/wp-content\/uploads\/2026\/04\/bdf8fc6c-b979-4d7a-bdd7-b6bbd401c70e-Kopya-768x1024.jpeg\" alt=\"\" class=\"wp-image-3683\" style=\"aspect-ratio:4\/3;object-fit:cover\" srcset=\"https:\/\/akev.org.tr\/en\/wp-content\/uploads\/2026\/04\/bdf8fc6c-b979-4d7a-bdd7-b6bbd401c70e-Kopya-768x1024.jpeg 768w, https:\/\/akev.org.tr\/en\/wp-content\/uploads\/2026\/04\/bdf8fc6c-b979-4d7a-bdd7-b6bbd401c70e-Kopya-225x300.jpeg 225w, https:\/\/akev.org.tr\/en\/wp-content\/uploads\/2026\/04\/bdf8fc6c-b979-4d7a-bdd7-b6bbd401c70e-Kopya-1152x1536.jpeg 1152w, https:\/\/akev.org.tr\/en\/wp-content\/uploads\/2026\/04\/bdf8fc6c-b979-4d7a-bdd7-b6bbd401c70e-Kopya.jpeg 1200w\" sizes=\"auto, (max-width: 768px) 100vw, 768px\" \/><\/figure>\n<\/div><\/div><\/div>\n<\/div><\/div>\n","protected":false},"excerpt":{"rendered":"<p>The \u201cTurning Waste into Art Project\u201d is an interdisciplinary workshop program implemented in collaboration with Istanbul Ayd\u0131n University (IAU), Anadolu Education and Culture Foundation (AKEV), \u0130leri Ad\u0131mlar Association, Ye\u015fil Vatan Platform, and the IAU Sustainability Coordination Office. The project aims to promote sustainability awareness while encouraging creative production through artistic practices. Within the scope of [&hellip;]<\/p>\n","protected":false},"author":1,"featured_media":0,"parent":1975,"menu_order":0,"comment_status":"closed","ping_status":"closed","template":"","meta":{"footnotes":""},"class_list":["post-3679","page","type-page","status-publish","hentry"],"blocksy_meta":[],"_links":{"self":[{"href":"https:\/\/akev.org.tr\/en\/wp-json\/wp\/v2\/pages\/3679","targetHints":{"allow":["GET"]}}],"collection":[{"href":"https:\/\/akev.org.tr\/en\/wp-json\/wp\/v2\/pages"}],"about":[{"href":"https:\/\/akev.org.tr\/en\/wp-json\/wp\/v2\/types\/page"}],"author":[{"embeddable":true,"href":"https:\/\/akev.org.tr\/en\/wp-json\/wp\/v2\/users\/1"}],"replies":[{"embeddable":true,"href":"https:\/\/akev.org.tr\/en\/wp-json\/wp\/v2\/comments?post=3679"}],"version-history":[{"count":3,"href":"https:\/\/akev.org.tr\/en\/wp-json\/wp\/v2\/pages\/3679\/revisions"}],"predecessor-version":[{"id":3686,"href":"https:\/\/akev.org.tr\/en\/wp-json\/wp\/v2\/pages\/3679\/revisions\/3686"}],"up":[{"embeddable":true,"href":"https:\/\/akev.org.tr\/en\/wp-json\/wp\/v2\/pages\/1975"}],"wp:attachment":[{"href":"https:\/\/akev.org.tr\/en\/wp-json\/wp\/v2\/media?parent=3679"}],"curies":[{"name":"wp","href":"https:\/\/api.w.org\/{rel}","templated":true}]}}