{"id":330,"date":"2025-03-24T16:42:58","date_gmt":"2025-03-24T13:42:58","guid":{"rendered":"https:\/\/akev.org.tr\/en?page_id=330"},"modified":"2025-04-29T11:15:30","modified_gmt":"2025-04-29T08:15:30","slug":"iletisim","status":"publish","type":"page","link":"https:\/\/akev.org.tr\/en\/iletisim\/","title":{"rendered":"Contact Us"},"content":{"rendered":"\n<div class=\"wp-block-stackable-columns stk-block-columns stk-block stk-04b1d48\" data-block-id=\"04b1d48\"><div class=\"stk-row stk-inner-blocks stk-block-content stk-content-align stk-04b1d48-column\">\n<div class=\"wp-block-stackable-column stk-block-column stk-column stk-block stk-ed15d79\" data-v=\"4\" data-block-id=\"ed15d79\"><div class=\"stk-column-wrapper stk-block-column__content stk-container stk-ed15d79-container stk--no-background stk--no-padding\"><div class=\"stk-block-content stk-inner-blocks stk-ed15d79-inner-blocks\"><\/div><\/div><\/div>\n<\/div><\/div>\n\n\n\n<div class=\"wp-block-stackable-heading stk-block-heading stk-block-heading--v2 stk-block stk-1f03f56\" id=\"communicate\" data-block-id=\"1f03f56\"><style>.stk-1f03f56 {margin-bottom:0px !important;}<\/style><h2 class=\"stk-block-heading__text has-text-align-center\">Communicate<\/h2><\/div>\n\n\n\n<div class=\"wp-block-stackable-columns stk-block-columns stk-block stk-c46edde\" data-block-id=\"c46edde\"><style>.stk-c46edde {margin-bottom:0px !important;}<\/style><div class=\"stk-row stk-inner-blocks stk-block-content stk-content-align stk-c46edde-column\">\n<div class=\"wp-block-stackable-column stk-block-column stk-column stk-block stk-cb61894\" data-v=\"4\" data-block-id=\"cb61894\"><style>@media screen and (min-width:690px){.stk-cb61894 {flex:var(--stk-flex-grow, 1) 1 calc(21.5% - var(--stk-column-gap, 0px) * 2 \/ 3 ) !important;}}<\/style><div class=\"stk-column-wrapper stk-block-column__content stk-container stk-cb61894-container stk--no-background stk--no-padding\"><div class=\"stk-block-content stk-inner-blocks stk-cb61894-inner-blocks\"><\/div><\/div><\/div>\n\n\n\n<div class=\"wp-block-stackable-column stk-block-column stk-column stk-block stk-39c3d30\" data-v=\"4\" data-block-id=\"39c3d30\"><style>@media screen and (min-width:690px){.stk-39c3d30 {flex:var(--stk-flex-grow, 1) 1 calc(60.9% - var(--stk-column-gap, 0px) * 2 \/ 3 ) !important;}}<\/style><div class=\"stk-column-wrapper stk-block-column__content stk-container stk-39c3d30-container stk--no-background stk--no-padding\"><div class=\"stk-block-content stk-inner-blocks stk-39c3d30-inner-blocks\">\n<p class=\"has-text-align-center\">You can submit to us all your questions, comments and suggestions about our institution. We will be glad to assist you.<\/p>\n<\/div><\/div><\/div>\n\n\n\n<div class=\"wp-block-stackable-column stk-block-column stk-column stk-block stk-e4aac05\" data-v=\"4\" data-block-id=\"e4aac05\"><style>@media screen and (min-width:690px){.stk-e4aac05 {flex:var(--stk-flex-grow, 1) 1 calc(17.6% - var(--stk-column-gap, 0px) * 2 \/ 3 ) !important;}}<\/style><div class=\"stk-column-wrapper stk-block-column__content stk-container stk-e4aac05-container stk--no-background stk--no-padding\"><div class=\"stk-block-content stk-inner-blocks stk-e4aac05-inner-blocks\"><\/div><\/div><\/div>\n<\/div><\/div>\n\n\n\n<div class=\"wp-block-stackable-columns stk-block-columns stk-block stk-1e074e5\" data-block-id=\"1e074e5\"><style>.stk-1e074e5 {margin-bottom:0px !important;}<\/style><div class=\"stk-row stk-inner-blocks stk-block-content stk-content-align stk-1e074e5-column\">\n<div class=\"wp-block-stackable-column stk-block-column stk-column stk-block stk-bf899b9\" data-v=\"4\" data-block-id=\"bf899b9\"><div class=\"stk-column-wrapper stk-block-column__content stk-container stk-bf899b9-container stk--no-background stk--no-padding\"><div class=\"stk-block-content stk-inner-blocks stk-bf899b9-inner-blocks\">\n<div class=\"wp-block-stackable-team-member stk-block-team-member stk-block stk-62f55ea is-style-default\" data-v=\"2\" data-block-id=\"62f55ea\"><style>.stk-62f55ea {border-top-left-radius:0px !important;border-top-right-radius:0px !important;border-bottom-right-radius:0px !important;border-bottom-left-radius:0px !important;overflow:hidden !important;box-shadow:0px 10px 30px #0000000d !important;}.stk-62f55ea-container{border-top-left-radius:0px !important;border-top-right-radius:0px !important;border-bottom-right-radius:0px !important;border-bottom-left-radius:0px !important;overflow:hidden !important;}<\/style><div class=\"stk-block-team-member__content stk-content-align stk-62f55ea-column stk-container stk-62f55ea-container stk-hover-parent\"><div class=\"stk-block-content stk-inner-blocks has-text-align-center stk-62f55ea-inner-blocks\">\n<div class=\"wp-block-stackable-icon stk-block-icon stk-block stk-92f1dee\" data-block-id=\"92f1dee\"><style>.stk-92f1dee {margin-bottom:0px !important;}<\/style><span class=\"stk--svg-wrapper\"><div class=\"stk--inner-svg\"><svg style=\"height:0;width:0\"><defs><linearGradient id=\"linear-gradient-92f1dee\" x1=\"0\" x2=\"100%\" y1=\"0\" y2=\"0\"><stop offset=\"0%\" style=\"stop-opacity:1;stop-color:var(--linear-gradient-92-f-1-dee-color-1)\"><\/stop><stop offset=\"100%\" style=\"stop-opacity:1;stop-color:var(--linear-gradient-92-f-1-dee-color-2)\"><\/stop><\/linearGradient><\/defs><\/svg><svg xmlns=\"http:\/\/www.w3.org\/2000\/svg\" viewBox=\"0 0 576 512\" aria-hidden=\"true\" width=\"32\" height=\"32\"><path d=\"M408 120c0 54.6-73.1 151.9-105.2 192c-7.7 9.6-22 9.6-29.6 0C241.1 271.9 168 174.6 168 120C168 53.7 221.7 0 288 0s120 53.7 120 120zm8 80.4c3.5-6.9 6.7-13.8 9.6-20.6c.5-1.2 1-2.5 1.5-3.7l116-46.4C558.9 123.4 576 135 576 152V422.8c0 9.8-6 18.6-15.1 22.3L416 503V200.4zM137.6 138.3c2.4 14.1 7.2 28.3 12.8 41.5c2.9 6.8 6.1 13.7 9.6 20.6V451.8L32.9 502.7C17.1 509 0 497.4 0 480.4V209.6c0-9.8 6-18.6 15.1-22.3l122.6-49zM327.8 332c13.9-17.4 35.7-45.7 56.2-77V504.3L192 449.4V255c20.5 31.3 42.3 59.6 56.2 77c20.5 25.6 59.1 25.6 79.6 0zM288 152a40 40 0 1 0 0-80 40 40 0 1 0 0 80z\"><\/path><\/svg><\/div><\/span><\/div>\n\n\n\n<div class=\"wp-block-stackable-heading stk-block-heading stk-block-heading--v2 stk-block stk-7a4a51b\" id=\"address\" data-block-id=\"7a4a51b\"><style>.stk-7a4a51b {margin-bottom:0px !important;}<\/style><h5 class=\"stk-block-heading__text\">Address\u200b<\/h5><\/div>\n\n\n\n<div class=\"wp-block-stackable-text stk-block-text stk-block stk-0f584d6\" data-block-id=\"0f584d6\"><style>.stk-0f584d6 .stk-block-text__text{font-size:14px !important;}@media screen and (max-width:999px){.stk-0f584d6 .stk-block-text__text{font-size:14px !important;}}<\/style><p class=\"stk-block-text__text\">Be\u015fyol Mah. Cami Sok. No:13 K\u00fc\u00e7\u00fck\u00e7ekmece\/\u0130ST<\/p><\/div>\n<\/div><\/div><\/div>\n<\/div><\/div><\/div>\n\n\n\n<div class=\"wp-block-stackable-column stk-block-column stk-column stk-block stk-4c7d6a6\" data-v=\"4\" data-block-id=\"4c7d6a6\"><div class=\"stk-column-wrapper stk-block-column__content stk-container stk-4c7d6a6-container stk--no-background stk--no-padding\"><div class=\"stk-block-content stk-inner-blocks stk-4c7d6a6-inner-blocks\">\n<div class=\"wp-block-stackable-team-member stk-block-team-member stk-block stk-422ab6a is-style-default\" data-v=\"2\" data-block-id=\"422ab6a\"><style>.stk-422ab6a {box-shadow:0px 10px 30px #0000000d !important;}<\/style><div class=\"stk-block-team-member__content stk-content-align stk-422ab6a-column stk-container stk-422ab6a-container stk-hover-parent\"><div class=\"stk-block-content stk-inner-blocks has-text-align-center stk-422ab6a-inner-blocks\">\n<div class=\"wp-block-stackable-icon stk-block-icon stk-block stk-75cc0c1\" data-block-id=\"75cc0c1\"><style>.stk-75cc0c1 {margin-bottom:0px !important;}<\/style><span class=\"stk--svg-wrapper\"><div class=\"stk--inner-svg\"><svg style=\"height:0;width:0\"><defs><linearGradient id=\"linear-gradient-75cc0c1\" x1=\"0\" x2=\"100%\" y1=\"0\" y2=\"0\"><stop offset=\"0%\" style=\"stop-opacity:1;stop-color:var(--linear-gradient-75-cc-0-c-1-color-1)\"><\/stop><stop offset=\"100%\" style=\"stop-opacity:1;stop-color:var(--linear-gradient-75-cc-0-c-1-color-2)\"><\/stop><\/linearGradient><\/defs><\/svg><svg xmlns=\"http:\/\/www.w3.org\/2000\/svg\" viewBox=\"0 0 448 512\" aria-hidden=\"true\" width=\"32\" height=\"32\"><path d=\"M176 0c-17.7 0-32 14.3-32 32s14.3 32 32 32h16V98.4C92.3 113.8 16 200 16 304c0 114.9 93.1 208 208 208s208-93.1 208-208c0-41.8-12.3-80.7-33.5-113.2l24.1-24.1c12.5-12.5 12.5-32.8 0-45.3s-32.8-12.5-45.3 0L355.7 143c-28.1-23-62.2-38.8-99.7-44.6V64h16c17.7 0 32-14.3 32-32s-14.3-32-32-32H224 176zm72 192V320c0 13.3-10.7 24-24 24s-24-10.7-24-24V192c0-13.3 10.7-24 24-24s24 10.7 24 24z\"><\/path><\/svg><\/div><\/span><\/div>\n\n\n\n<div class=\"wp-block-stackable-heading stk-block-heading stk-block-heading--v2 stk-block stk-8dfba4e\" id=\"working-hours\" data-block-id=\"8dfba4e\"><style>.stk-8dfba4e {margin-bottom:0px !important;}<\/style><h5 class=\"stk-block-heading__text\">Working Hours<\/h5><\/div>\n\n\n\n<div class=\"wp-block-stackable-text stk-block-text stk-block stk-adb9fec\" data-block-id=\"adb9fec\"><style>.stk-adb9fec .stk-block-text__text{font-size:14px !important;}@media screen and (max-width:999px){.stk-adb9fec .stk-block-text__text{font-size:14px !important;}}<\/style><p class=\"stk-block-text__text\">Weekdays : 09:00 \u2013 16:00<\/p><\/div>\n<\/div><\/div><\/div>\n<\/div><\/div><\/div>\n<\/div><\/div>\n\n\n\n<div class=\"wp-block-stackable-columns stk-block-columns stk-block stk-e9a3fd6\" data-block-id=\"e9a3fd6\"><div class=\"stk-row stk-inner-blocks stk-block-content stk-content-align stk-e9a3fd6-column\">\n<div class=\"wp-block-stackable-column stk-block-column stk-column stk-block stk-c7fcc18\" data-v=\"4\" data-block-id=\"c7fcc18\"><div class=\"stk-column-wrapper stk-block-column__content stk-container stk-c7fcc18-container stk--no-background stk--no-padding\"><div class=\"stk-block-content stk-inner-blocks stk-c7fcc18-inner-blocks\">\n<div class=\"wp-block-stackable-team-member stk-block-team-member stk-block stk-e87a294 is-style-default\" data-v=\"2\" data-block-id=\"e87a294\"><style>.stk-e87a294 {box-shadow:0px 10px 30px #0000000d !important;}<\/style><div class=\"stk-block-team-member__content stk-content-align stk-e87a294-column stk-container stk-e87a294-container stk-hover-parent\"><div class=\"stk-block-content stk-inner-blocks has-text-align-center stk-e87a294-inner-blocks\">\n<div class=\"wp-block-stackable-icon stk-block-icon stk-block stk-67c8d7c\" data-block-id=\"67c8d7c\"><style>.stk-67c8d7c {margin-bottom:0px !important;}<\/style><span class=\"stk--svg-wrapper\"><div class=\"stk--inner-svg\"><svg style=\"height:0;width:0\"><defs><linearGradient id=\"linear-gradient-67c8d7c\" x1=\"0\" x2=\"100%\" y1=\"0\" y2=\"0\"><stop offset=\"0%\" style=\"stop-opacity:1;stop-color:var(--linear-gradient-67-c-8-d-7-c-color-1)\"><\/stop><stop offset=\"100%\" style=\"stop-opacity:1;stop-color:var(--linear-gradient-67-c-8-d-7-c-color-2)\"><\/stop><\/linearGradient><\/defs><\/svg><svg xmlns=\"http:\/\/www.w3.org\/2000\/svg\" viewBox=\"0 0 512 512\" aria-hidden=\"true\" width=\"32\" height=\"32\"><path d=\"M48 64C21.5 64 0 85.5 0 112c0 15.1 7.1 29.3 19.2 38.4L236.8 313.6c11.4 8.5 27 8.5 38.4 0L492.8 150.4c12.1-9.1 19.2-23.3 19.2-38.4c0-26.5-21.5-48-48-48H48zM0 176V384c0 35.3 28.7 64 64 64H448c35.3 0 64-28.7 64-64V176L294.4 339.2c-22.8 17.1-54 17.1-76.8 0L0 176z\"><\/path><\/svg><\/div><\/span><\/div>\n\n\n\n<div class=\"wp-block-stackable-heading stk-block-heading stk-block-heading--v2 stk-block stk-7e0027b\" id=\"e-mail\" data-block-id=\"7e0027b\"><style>.stk-7e0027b {margin-bottom:0px !important;}<\/style><h5 class=\"stk-block-heading__text\">E-mail<\/h5><\/div>\n\n\n\n<div class=\"wp-block-stackable-text stk-block-text stk-block stk-a73fc3b\" data-block-id=\"a73fc3b\"><style>.stk-a73fc3b .stk-block-text__text{font-size:14px !important;}@media screen and (max-width:999px){.stk-a73fc3b .stk-block-text__text{font-size:14px !important;}}<\/style><p class=\"stk-block-text__text\">info@demo.aydin.edu.tr\/demo\/akev<\/p><\/div>\n<\/div><\/div><\/div>\n<\/div><\/div><\/div>\n\n\n\n<div class=\"wp-block-stackable-column stk-block-column stk-column stk-block stk-f478918\" data-v=\"4\" data-block-id=\"f478918\"><div class=\"stk-column-wrapper stk-block-column__content stk-container stk-f478918-container stk--no-background stk--no-padding\"><div class=\"stk-block-content stk-inner-blocks stk-f478918-inner-blocks\">\n<div class=\"wp-block-stackable-team-member stk-block-team-member stk-block stk-a6424cb is-style-default\" data-v=\"2\" data-block-id=\"a6424cb\"><style>.stk-a6424cb {box-shadow:0px 10px 30px #0000000d !important;}<\/style><div class=\"stk-block-team-member__content stk-content-align stk-a6424cb-column stk-container stk-a6424cb-container stk-hover-parent\"><div class=\"stk-block-content stk-inner-blocks has-text-align-center stk-a6424cb-inner-blocks\">\n<div class=\"wp-block-stackable-icon stk-block-icon stk-block stk-4fc4f46\" data-block-id=\"4fc4f46\"><style>.stk-4fc4f46 {margin-bottom:0px !important;}<\/style><span class=\"stk--svg-wrapper\"><div class=\"stk--inner-svg\"><svg style=\"height:0;width:0\"><defs><linearGradient id=\"linear-gradient-4fc4f46\" x1=\"0\" x2=\"100%\" y1=\"0\" y2=\"0\"><stop offset=\"0%\" style=\"stop-opacity:1;stop-color:var(--linear-gradient-4-fc-4-f-46-color-1)\"><\/stop><stop offset=\"100%\" style=\"stop-opacity:1;stop-color:var(--linear-gradient-4-fc-4-f-46-color-2)\"><\/stop><\/linearGradient><\/defs><\/svg><svg xmlns=\"http:\/\/www.w3.org\/2000\/svg\" viewBox=\"0 0 512 512\" aria-hidden=\"true\" width=\"32\" height=\"32\"><path d=\"M164.9 24.6c-7.7-18.6-28-28.5-47.4-23.2l-88 24C12.1 30.2 0 46 0 64C0 311.4 200.6 512 448 512c18 0 33.8-12.1 38.6-29.5l24-88c5.3-19.4-4.6-39.7-23.2-47.4l-96-40c-16.3-6.8-35.2-2.1-46.3 11.6L304.7 368C234.3 334.7 177.3 277.7 144 207.3L193.3 167c13.7-11.2 18.4-30 11.6-46.3l-40-96z\"><\/path><\/svg><\/div><\/span><\/div>\n\n\n\n<div class=\"wp-block-stackable-heading stk-block-heading stk-block-heading--v2 stk-block stk-b3b31f2\" id=\"phone\" data-block-id=\"b3b31f2\"><style>.stk-b3b31f2 {margin-bottom:0px !important;}<\/style><h5 class=\"stk-block-heading__text\">Phone<\/h5><\/div>\n\n\n\n<div class=\"wp-block-stackable-text stk-block-text stk-block stk-6ff28de\" data-block-id=\"6ff28de\"><style>.stk-6ff28de .stk-block-text__text{font-size:14px !important;}@media screen and (max-width:999px){.stk-6ff28de .stk-block-text__text{font-size:14px !important;}}<\/style><p class=\"stk-block-text__text\">0(212) 423 61 43<\/p><\/div>\n<\/div><\/div><\/div>\n<\/div><\/div><\/div>\n<\/div><\/div>\n\n\n\n<p><\/p>\n\n\n\n<div class=\"wp-block-stackable-columns stk-block-columns stk-block stk-a61a09f\" data-block-id=\"a61a09f\"><div class=\"stk-row stk-inner-blocks stk-block-content stk-content-align stk-a61a09f-column\">\n<div class=\"wp-block-stackable-column stk-block-column stk-column stk-block stk-edf36cc\" data-v=\"4\" data-block-id=\"edf36cc\"><div class=\"stk-column-wrapper stk-block-column__content stk-container stk-edf36cc-container stk--no-background stk--no-padding\"><div class=\"stk-block-content stk-inner-blocks stk-edf36cc-inner-blocks\">\n<iframe src=\"https:\/\/www.google.com\/maps\/embed?pb=!1m18!1m12!1m3!1d3011.587136385731!2d28.792676428517034!3d40.990520562277865!2m3!1f0!2f0!3f0!3m2!1i1024!2i768!4f13.1!3m3!1m2!1s0x14caa396db59606d%3A0x6594147beb14e9b4!2zxLBzdGFuYnVsIEF5ZMSxbiDDnG5pdmVyc2l0ZXNp!5e0!3m2!1str!2str!4v1675851637967!5m2!1str!2str\" width=\"100%\" height=\"600\" style=\"border:0; margin-top:50px;\" allowfullscreen=\"\" loading=\"lazy\" referrerpolicy=\"no-referrer-when-downgrade\"><\/iframe>\n<\/div><\/div><\/div>\n<\/div><\/div>\n\n\n\n<p><\/p>\n\n\n\n<p><\/p>\n","protected":false},"excerpt":{"rendered":"<p>Communicate You can submit to us all your questions, comments and suggestions about our institution. We will be glad to assist you. Address\u200b Be\u015fyol Mah. Cami Sok. No:13 K\u00fc\u00e7\u00fck\u00e7ekmece\/\u0130ST Working Hours Weekdays : 09:00 \u2013 16:00 E-mail info@demo.aydin.edu.tr\/demo\/akev Phone 0(212) 423 61 43<\/p>\n","protected":false},"author":1,"featured_media":0,"parent":0,"menu_order":0,"comment_status":"closed","ping_status":"closed","template":"","meta":{"footnotes":""},"class_list":["post-330","page","type-page","status-publish","hentry"],"blocksy_meta":[],"_links":{"self":[{"href":"https:\/\/akev.org.tr\/en\/wp-json\/wp\/v2\/pages\/330","targetHints":{"allow":["GET"]}}],"collection":[{"href":"https:\/\/akev.org.tr\/en\/wp-json\/wp\/v2\/pages"}],"about":[{"href":"https:\/\/akev.org.tr\/en\/wp-json\/wp\/v2\/types\/page"}],"author":[{"embeddable":true,"href":"https:\/\/akev.org.tr\/en\/wp-json\/wp\/v2\/users\/1"}],"replies":[{"embeddable":true,"href":"https:\/\/akev.org.tr\/en\/wp-json\/wp\/v2\/comments?post=330"}],"version-history":[{"count":4,"href":"https:\/\/akev.org.tr\/en\/wp-json\/wp\/v2\/pages\/330\/revisions"}],"predecessor-version":[{"id":2312,"href":"https:\/\/akev.org.tr\/en\/wp-json\/wp\/v2\/pages\/330\/revisions\/2312"}],"wp:attachment":[{"href":"https:\/\/akev.org.tr\/en\/wp-json\/wp\/v2\/media?parent=330"}],"curies":[{"name":"wp","href":"https:\/\/api.w.org\/{rel}","templated":true}]}}