{"id":326,"date":"2025-03-24T15:00:28","date_gmt":"2025-03-24T12:00:28","guid":{"rendered":"https:\/\/akev.org.tr\/en?page_id=326"},"modified":"2025-05-06T10:45:51","modified_gmt":"2025-05-06T07:45:51","slug":"kalici-eserler","status":"publish","type":"page","link":"https:\/\/akev.org.tr\/en\/kalici-eserler\/","title":{"rendered":"Permanent Works"},"content":{"rendered":"\n<p><strong>ISTANBUL AYDIN UNIVERSITY and ANADOLU B\u0130L VOCATIONAL SCHOOL<\/strong><\/p>\n\n\n\n<p>The Anatolian Education and Culture Foundation (AKEV) started its activities in 2000 and established Anadolu B\u0130L Vocational School in 2003 and Istanbul Ayd\u0131n University in 2007.<\/p>\n\n\n\n<p>Istanbul Ayd\u0131n University, which has been the most preferred foundation university in Turkey every year since its establishment, carries out its mission of becoming a world university with a total of 40,000 students, including 6,500 international students, and 2,500 academic and administrative staff, by assuming an important role in educational and scientific development in Turkey and its region.<\/p>\n\n\n\n<p>In this educational journey, which started in 2003 for a bright future, Istanbul Ayd\u0131n University today provides students with a wide range of education in accordance with their interests and abilities with 17 Faculties and Schools, 37 research centers, 3 institutes, 2 think tanks and 2 UNESCO chairs.<\/p>\n","protected":false},"excerpt":{"rendered":"<p>ISTANBUL AYDIN UNIVERSITY and ANADOLU B\u0130L VOCATIONAL SCHOOL The Anatolian Education and Culture Foundation (AKEV) started its activities in 2000 and established Anadolu B\u0130L Vocational School in 2003 and Istanbul Ayd\u0131n University in 2007. Istanbul Ayd\u0131n University, which has been the most preferred foundation university in Turkey every year since its establishment, carries out its [&hellip;]<\/p>\n","protected":false},"author":1,"featured_media":0,"parent":0,"menu_order":0,"comment_status":"closed","ping_status":"closed","template":"","meta":{"footnotes":""},"class_list":["post-326","page","type-page","status-publish","hentry"],"blocksy_meta":[],"_links":{"self":[{"href":"https:\/\/akev.org.tr\/en\/wp-json\/wp\/v2\/pages\/326","targetHints":{"allow":["GET"]}}],"collection":[{"href":"https:\/\/akev.org.tr\/en\/wp-json\/wp\/v2\/pages"}],"about":[{"href":"https:\/\/akev.org.tr\/en\/wp-json\/wp\/v2\/types\/page"}],"author":[{"embeddable":true,"href":"https:\/\/akev.org.tr\/en\/wp-json\/wp\/v2\/users\/1"}],"replies":[{"embeddable":true,"href":"https:\/\/akev.org.tr\/en\/wp-json\/wp\/v2\/comments?post=326"}],"version-history":[{"count":2,"href":"https:\/\/akev.org.tr\/en\/wp-json\/wp\/v2\/pages\/326\/revisions"}],"predecessor-version":[{"id":2493,"href":"https:\/\/akev.org.tr\/en\/wp-json\/wp\/v2\/pages\/326\/revisions\/2493"}],"wp:attachment":[{"href":"https:\/\/akev.org.tr\/en\/wp-json\/wp\/v2\/media?parent=326"}],"curies":[{"name":"wp","href":"https:\/\/api.w.org\/{rel}","templated":true}]}}