{"id":2667,"date":"2025-05-10T11:21:15","date_gmt":"2025-05-10T08:21:15","guid":{"rendered":"https:\/\/akev.org.tr\/en\/?page_id=2667"},"modified":"2025-05-10T11:22:47","modified_gmt":"2025-05-10T08:22:47","slug":"bagis-yap","status":"publish","type":"page","link":"https:\/\/akev.org.tr\/en\/bagis-yap\/","title":{"rendered":"Make a Donation"},"content":{"rendered":"\n<p>You can use the following information to make a donation to our institution.<\/p>\n\n\n\n<ul class=\"wp-block-list\">\n<li><strong>Name of Account Holder:<\/strong>\u00a0Anadolu E\u011fitim ve K\u00fclt\u00fcr Vakf\u0131<\/li>\n\n\n\n<li><strong>Iban Number:<\/strong>\u00a0 TR720006200040700006295891<\/li>\n\n\n\n<li><strong>Phone Number:<\/strong>\u00a00212 423 61 43<\/li>\n\n\n\n<li><strong>Mail Address<\/strong>:<\/li>\n\n\n\n<li><strong>Branch Information:<\/strong>\u00a0Florya Branch of Garanti Bank<\/li>\n<\/ul>\n\n\n\n<p><\/p>\n","protected":false},"excerpt":{"rendered":"<p>You can use the following information to make a donation to our institution.<\/p>\n","protected":false},"author":1,"featured_media":0,"parent":0,"menu_order":0,"comment_status":"closed","ping_status":"closed","template":"","meta":{"footnotes":""},"class_list":["post-2667","page","type-page","status-publish","hentry"],"blocksy_meta":[],"_links":{"self":[{"href":"https:\/\/akev.org.tr\/en\/wp-json\/wp\/v2\/pages\/2667","targetHints":{"allow":["GET"]}}],"collection":[{"href":"https:\/\/akev.org.tr\/en\/wp-json\/wp\/v2\/pages"}],"about":[{"href":"https:\/\/akev.org.tr\/en\/wp-json\/wp\/v2\/types\/page"}],"author":[{"embeddable":true,"href":"https:\/\/akev.org.tr\/en\/wp-json\/wp\/v2\/users\/1"}],"replies":[{"embeddable":true,"href":"https:\/\/akev.org.tr\/en\/wp-json\/wp\/v2\/comments?post=2667"}],"version-history":[{"count":4,"href":"https:\/\/akev.org.tr\/en\/wp-json\/wp\/v2\/pages\/2667\/revisions"}],"predecessor-version":[{"id":2671,"href":"https:\/\/akev.org.tr\/en\/wp-json\/wp\/v2\/pages\/2667\/revisions\/2671"}],"wp:attachment":[{"href":"https:\/\/akev.org.tr\/en\/wp-json\/wp\/v2\/media?parent=2667"}],"curies":[{"name":"wp","href":"https:\/\/api.w.org\/{rel}","templated":true}]}}